{"id":8,"date":"2024-02-23T09:09:38","date_gmt":"2024-02-23T09:09:38","guid":{"rendered":"https:\/\/stolkam.com\/?page_id=8"},"modified":"2025-10-10T10:00:08","modified_gmt":"2025-10-10T10:00:08","slug":"stolkam","status":"publish","type":"page","link":"https:\/\/stolkam.com\/","title":{"rendered":"Stolkam"},"content":{"rendered":"\t\t<div data-elementor-type=\"wp-page\" data-elementor-id=\"8\" class=\"elementor elementor-8\">\n\t\t\t\t<div class=\"elementor-element elementor-element-8d13010 e-flex e-con-boxed elementor-invisible e-con e-parent\" data-id=\"8d13010\" data-element_type=\"container\" data-e-type=\"container\" data-settings=\"{&quot;animation&quot;:&quot;fadeInUp&quot;}\">\n\t\t\t\t\t<div class=\"e-con-inner\">\n\t\t\t\t<div class=\"elementor-element elementor-element-10bd848 elementor-widget elementor-widget-image\" data-id=\"10bd848\" data-element_type=\"widget\" data-e-type=\"widget\" data-widget_type=\"image.default\">\n\t\t\t\t<div class=\"elementor-widget-container\">\n\t\t\t\t\t\t\t\t\t\t\t\t\t\t\t<img decoding=\"async\" width=\"300\" height=\"69\" src=\"https:\/\/stolkam.com\/wp-content\/uploads\/2024\/02\/STOL-KAM-Logo-6-144-px-300x69.png\" class=\"attachment-medium size-medium wp-image-5\" alt=\"\" srcset=\"https:\/\/stolkam.com\/wp-content\/uploads\/2024\/02\/STOL-KAM-Logo-6-144-px-300x69.png 300w, https:\/\/stolkam.com\/wp-content\/uploads\/2024\/02\/STOL-KAM-Logo-6-144-px.png 632w\" sizes=\"(max-width: 300px) 100vw, 300px\" \/>\t\t\t\t\t\t\t\t\t\t\t\t\t\t\t<\/div>\n\t\t\t\t<\/div>\n\t\t\t\t<div class=\"elementor-element elementor-element-fe924fa elementor-widget elementor-widget-text-editor\" data-id=\"fe924fa\" data-element_type=\"widget\" data-e-type=\"widget\" data-widget_type=\"text-editor.default\">\n\t\t\t\t<div class=\"elementor-widget-container\">\n\t\t\t\t\t\t\t\t\t<p>Witaj w naszym serwisie. Zapraszamy do naszego salonu lub serwisu\u00a0<\/p>\t\t\t\t\t\t\t\t<\/div>\n\t\t\t\t<\/div>\n\t\t\t\t<div class=\"elementor-element elementor-element-d908b8e elementor-align-center elementor-widget elementor-widget-button\" data-id=\"d908b8e\" data-element_type=\"widget\" data-e-type=\"widget\" data-widget_type=\"button.default\">\n\t\t\t\t<div class=\"elementor-widget-container\">\n\t\t\t\t\t\t\t\t\t<div class=\"elementor-button-wrapper\">\n\t\t\t\t\t<a class=\"elementor-button elementor-button-link elementor-size-md elementor-animation-pulse\" href=\"https:\/\/stol-kam.pl\/\">\n\t\t\t\t\t\t<span class=\"elementor-button-content-wrapper\">\n\t\t\t\t\t\t\t\t\t<span class=\"elementor-button-text\">STOL KAM SALON<\/span>\n\t\t\t\t\t<\/span>\n\t\t\t\t\t<\/a>\n\t\t\t\t<\/div>\n\t\t\t\t\t\t\t\t<\/div>\n\t\t\t\t<\/div>\n\t\t\t\t<div class=\"elementor-element elementor-element-7bd3b94 elementor-align-center elementor-widget elementor-widget-button\" data-id=\"7bd3b94\" data-element_type=\"widget\" data-e-type=\"widget\" data-widget_type=\"button.default\">\n\t\t\t\t<div class=\"elementor-widget-container\">\n\t\t\t\t\t\t\t\t\t<div class=\"elementor-button-wrapper\">\n\t\t\t\t\t<a class=\"elementor-button elementor-button-link elementor-size-md elementor-animation-pulse\" href=\"https:\/\/serwis.stol-kam.pl\/\">\n\t\t\t\t\t\t<span class=\"elementor-button-content-wrapper\">\n\t\t\t\t\t\t\t\t\t<span class=\"elementor-button-text\">STOL KAM SERWIS<\/span>\n\t\t\t\t\t<\/span>\n\t\t\t\t\t<\/a>\n\t\t\t\t<\/div>\n\t\t\t\t\t\t\t\t<\/div>\n\t\t\t\t<\/div>\n\t\t\t\t\t<\/div>\n\t\t\t\t<\/div>\n\t\t<div class=\"elementor-element elementor-element-988dcf7 e-flex e-con-boxed e-con e-parent\" data-id=\"988dcf7\" data-element_type=\"container\" data-e-type=\"container\" data-settings=\"{&quot;background_background&quot;:&quot;classic&quot;}\">\n\t\t\t\t\t<div class=\"e-con-inner\">\n\t\t<div class=\"elementor-element elementor-element-95083bb e-con-full e-flex e-con e-child\" data-id=\"95083bb\" data-element_type=\"container\" data-e-type=\"container\">\n\t\t\t\t<div class=\"elementor-element elementor-element-e328c66 elementor-widget elementor-widget-text-editor\" data-id=\"e328c66\" data-element_type=\"widget\" data-e-type=\"widget\" data-widget_type=\"text-editor.default\">\n\t\t\t\t<div class=\"elementor-widget-container\">\n\t\t\t\t\t\t\t\t\t<p><strong>STOL-KAM Siedziba firmy, sprzeda\u017c:<br \/><\/strong>Ksi\u0119\u017cyki 4b, 05-282 Strach\u00f3wka ,<br \/>NIP. 125 103 85 61,<\/p><p><strong>STOL-KAM sprzeda\u017c:<br \/><\/strong>Chrz\u0119sne ul. T\u0142uszcza\u0144ska 36, 05-240 T\u0142uszcz\u00a0<\/p><p><b>Pracujemy:<br \/><\/b>poniedzia\u0142ek \u2013 pi\u0105tek:\u00a0<b>8:00 -18:00<\/b><br \/>sobota:\u00a0<b>9:00 \u2013 14:00<\/b><\/p>\t\t\t\t\t\t\t\t<\/div>\n\t\t\t\t<\/div>\n\t\t\t\t<\/div>\n\t\t<div class=\"elementor-element elementor-element-813ef11 e-con-full e-flex e-con e-child\" data-id=\"813ef11\" data-element_type=\"container\" data-e-type=\"container\">\n\t\t\t\t<div class=\"elementor-element elementor-element-cbfbe68 elementor-widget-divider--view-line elementor-widget elementor-widget-divider\" data-id=\"cbfbe68\" data-element_type=\"widget\" data-e-type=\"widget\" data-widget_type=\"divider.default\">\n\t\t\t\t<div class=\"elementor-widget-container\">\n\t\t\t\t\t\t\t<div class=\"elementor-divider\">\n\t\t\t<span class=\"elementor-divider-separator\">\n\t\t\t\t\t\t<\/span>\n\t\t<\/div>\n\t\t\t\t\t\t<\/div>\n\t\t\t\t<\/div>\n\t\t\t\t<div class=\"elementor-element elementor-element-d41d5f8 elementor-widget elementor-widget-text-editor\" data-id=\"d41d5f8\" data-element_type=\"widget\" data-e-type=\"widget\" data-widget_type=\"text-editor.default\">\n\t\t\t\t<div class=\"elementor-widget-container\">\n\t\t\t\t\t\t\t\t\t<h3>SERWIS:<\/h3><p><strong>T:<\/strong>\u00a0+48\u00a0<strong>604 846 491<\/strong><br \/><strong>E:\u00a0<span style=\"color: #23a2d9;\"><a style=\"color: #23a2d9;\" href=\"mailto:stol-kam@serwis-okien.waw.pl\">stol-kam@serwis-okien.waw.pl<\/a><\/span><\/strong><\/p><h3>SALON:\u00a0<\/h3><p><strong>T:<\/strong>\u00a0+48\u00a0<strong>600 424 740<\/strong><br \/><strong>E:\u00a0<span style=\"color: #23a2d9;\"><a style=\"color: #23a2d9;\" href=\"mailto:salon@drzwi-okna-warszawa.pl\">salon@drzwi-okna-warszawa.pl<\/a><\/span><\/strong><\/p>\t\t\t\t\t\t\t\t<\/div>\n\t\t\t\t<\/div>\n\t\t\t\t<\/div>\n\t\t\t\t\t<\/div>\n\t\t\t\t<\/div>\n\t\t\t\t<\/div>\n\t\t","protected":false},"excerpt":{"rendered":"<p>Witaj w naszym serwisie. Zapraszamy do naszego salonu lub serwisu\u00a0 STOL KAM SALON STOL KAM SERWIS STOL-KAM Siedziba firmy, sprzeda\u017c:Ksi\u0119\u017cyki 4b, 05-282 Strach\u00f3wka ,NIP. 125 103 85 61, STOL-KAM sprzeda\u017c:Chrz\u0119sne ul. T\u0142uszcza\u0144ska 36, 05-240 T\u0142uszcz\u00a0 Pracujemy:poniedzia\u0142ek \u2013 pi\u0105tek:\u00a08:00 -18:00sobota:\u00a09:00 \u2013 14:00 SERWIS: T:\u00a0+48\u00a0604 846 491E:\u00a0stol-kam@serwis-okien.waw.pl SALON:\u00a0 T:\u00a0+48\u00a0600 424 740E:\u00a0salon@drzwi-okna-warszawa.pl<\/p>\n","protected":false},"author":1,"featured_media":0,"parent":0,"menu_order":0,"comment_status":"closed","ping_status":"closed","template":"","meta":{"om_disable_all_campaigns":false,"_monsterinsights_skip_tracking":false,"_monsterinsights_sitenote_active":false,"_monsterinsights_sitenote_note":"","_monsterinsights_sitenote_category":0,"ocean_post_layout":"","ocean_both_sidebars_style":"","ocean_both_sidebars_content_width":0,"ocean_both_sidebars_sidebars_width":0,"ocean_sidebar":"","ocean_second_sidebar":"","ocean_disable_margins":"enable","ocean_add_body_class":"","ocean_shortcode_before_top_bar":"","ocean_shortcode_after_top_bar":"","ocean_shortcode_before_header":"","ocean_shortcode_after_header":"","ocean_has_shortcode":"","ocean_shortcode_after_title":"","ocean_shortcode_before_footer_widgets":"","ocean_shortcode_after_footer_widgets":"","ocean_shortcode_before_footer_bottom":"","ocean_shortcode_after_footer_bottom":"","ocean_display_top_bar":"default","ocean_display_header":"default","ocean_header_style":"","ocean_center_header_left_menu":"","ocean_custom_header_template":"","ocean_custom_logo":0,"ocean_custom_retina_logo":0,"ocean_custom_logo_max_width":0,"ocean_custom_logo_tablet_max_width":0,"ocean_custom_logo_mobile_max_width":0,"ocean_custom_logo_max_height":0,"ocean_custom_logo_tablet_max_height":0,"ocean_custom_logo_mobile_max_height":0,"ocean_header_custom_menu":"","ocean_menu_typo_font_family":"","ocean_menu_typo_font_subset":"","ocean_menu_typo_font_size":0,"ocean_menu_typo_font_size_tablet":0,"ocean_menu_typo_font_size_mobile":0,"ocean_menu_typo_font_size_unit":"px","ocean_menu_typo_font_weight":"","ocean_menu_typo_font_weight_tablet":"","ocean_menu_typo_font_weight_mobile":"","ocean_menu_typo_transform":"","ocean_menu_typo_transform_tablet":"","ocean_menu_typo_transform_mobile":"","ocean_menu_typo_line_height":0,"ocean_menu_typo_line_height_tablet":0,"ocean_menu_typo_line_height_mobile":0,"ocean_menu_typo_line_height_unit":"","ocean_menu_typo_spacing":0,"ocean_menu_typo_spacing_tablet":0,"ocean_menu_typo_spacing_mobile":0,"ocean_menu_typo_spacing_unit":"","ocean_menu_link_color":"","ocean_menu_link_color_hover":"","ocean_menu_link_color_active":"","ocean_menu_link_background":"","ocean_menu_link_hover_background":"","ocean_menu_link_active_background":"","ocean_menu_social_links_bg":"","ocean_menu_social_hover_links_bg":"","ocean_menu_social_links_color":"","ocean_menu_social_hover_links_color":"","ocean_disable_title":"default","ocean_disable_heading":"default","ocean_post_title":"","ocean_post_subheading":"","ocean_post_title_style":"","ocean_post_title_background_color":"","ocean_post_title_background":0,"ocean_post_title_bg_image_position":"","ocean_post_title_bg_image_attachment":"","ocean_post_title_bg_image_repeat":"","ocean_post_title_bg_image_size":"","ocean_post_title_height":0,"ocean_post_title_bg_overlay":0.5,"ocean_post_title_bg_overlay_color":"","ocean_disable_breadcrumbs":"default","ocean_breadcrumbs_color":"","ocean_breadcrumbs_separator_color":"","ocean_breadcrumbs_links_color":"","ocean_breadcrumbs_links_hover_color":"","ocean_display_footer_widgets":"default","ocean_display_footer_bottom":"default","ocean_custom_footer_template":"","footnotes":""},"class_list":["post-8","page","type-page","status-publish","hentry","entry"],"aioseo_notices":[],"_links":{"self":[{"href":"https:\/\/stolkam.com\/index.php\/wp-json\/wp\/v2\/pages\/8","targetHints":{"allow":["GET"]}}],"collection":[{"href":"https:\/\/stolkam.com\/index.php\/wp-json\/wp\/v2\/pages"}],"about":[{"href":"https:\/\/stolkam.com\/index.php\/wp-json\/wp\/v2\/types\/page"}],"author":[{"embeddable":true,"href":"https:\/\/stolkam.com\/index.php\/wp-json\/wp\/v2\/users\/1"}],"replies":[{"embeddable":true,"href":"https:\/\/stolkam.com\/index.php\/wp-json\/wp\/v2\/comments?post=8"}],"version-history":[{"count":121,"href":"https:\/\/stolkam.com\/index.php\/wp-json\/wp\/v2\/pages\/8\/revisions"}],"predecessor-version":[{"id":183,"href":"https:\/\/stolkam.com\/index.php\/wp-json\/wp\/v2\/pages\/8\/revisions\/183"}],"wp:attachment":[{"href":"https:\/\/stolkam.com\/index.php\/wp-json\/wp\/v2\/media?parent=8"}],"curies":[{"name":"wp","href":"https:\/\/api.w.org\/{rel}","templated":true}]}}